{"id":11865,"date":"2022-01-16T11:04:45","date_gmt":"2022-01-16T09:04:45","guid":{"rendered":"https:\/\/boralaundry.al\/kontakt\/"},"modified":"2026-04-07T14:47:56","modified_gmt":"2026-04-07T12:47:56","slug":"contact","status":"publish","type":"page","link":"https:\/\/boralaundry.al\/en\/contact\/","title":{"rendered":"Contact"},"content":{"rendered":"\t\t<div data-elementor-type=\"wp-page\" data-elementor-id=\"11865\" class=\"elementor elementor-11865\">\n\t\t\t\t\t\t<section class=\"elementor-section elementor-top-section elementor-element elementor-element-4da7484 elementor-section-boxed elementor-section-height-default elementor-section-height-default\" data-id=\"4da7484\" data-element_type=\"section\" data-e-type=\"section\">\n\t\t\t\t\t\t<div class=\"elementor-container elementor-column-gap-no\">\n\t\t\t\t\t<div class=\"elementor-column elementor-col-33 elementor-top-column elementor-element elementor-element-783b873\" data-id=\"783b873\" data-element_type=\"column\" data-e-type=\"column\">\n\t\t\t<div class=\"elementor-widget-wrap elementor-element-populated\">\n\t\t\t\t\t\t<div class=\"elementor-element elementor-element-3988161 align-center has-border icon-position-top icon-has-bg hover-effect-none elementor-widget elementor-widget-mae-icon-box\" data-id=\"3988161\" data-element_type=\"widget\" data-e-type=\"widget\" data-widget_type=\"mae-icon-box.default\">\n\t\t\t\t<div class=\"elementor-widget-container\">\n\t\t\t\t\t\n        <div class=\"master-icon-box \" >\n                        \n            <div class=\"inner\">\n                <div class=\"icon-wrap\"><div class=\"master-icon\"><i aria-hidden=\"true\" class=\"ci ci-email1\"><\/i><\/div><\/div>\n                <div class=\"text-wrap\">\n                    <h2 class=\"headline-2\">Email<\/h2><div class=\"desc\"><a href=\"mailto:info@boralaundry.al\"> info@boralaundry.al<\/a>\n<br>\n<a href=\"mailto:lavanderibora@yahoo.com\"> lavanderibora@yahoo.com<\/a><\/div>                <\/div>\n            <\/div>\n\n            <div class=\"bg-static\"><\/div>\n                    <\/div>\n\n        \t\t\t\t<\/div>\n\t\t\t\t<\/div>\n\t\t\t\t\t<\/div>\n\t\t<\/div>\n\t\t\t\t<div class=\"elementor-column elementor-col-33 elementor-top-column elementor-element elementor-element-ab6b82b\" data-id=\"ab6b82b\" data-element_type=\"column\" data-e-type=\"column\">\n\t\t\t<div class=\"elementor-widget-wrap elementor-element-populated\">\n\t\t\t\t\t\t<div class=\"elementor-element elementor-element-59b66d0 align-center has-border icon-position-top icon-has-bg hover-effect-none elementor-widget elementor-widget-mae-icon-box\" data-id=\"59b66d0\" data-element_type=\"widget\" data-e-type=\"widget\" data-widget_type=\"mae-icon-box.default\">\n\t\t\t\t<div class=\"elementor-widget-container\">\n\t\t\t\t\t\n        <div class=\"master-icon-box \" >\n                        \n            <div class=\"inner\">\n                <div class=\"icon-wrap\"><div class=\"master-icon\"><i aria-hidden=\"true\" class=\"ci ci-telephone-1\"><\/i><\/div><\/div>\n                <div class=\"text-wrap\">\n                    <h2 class=\"headline-2\">Phone<\/h2><div class=\"desc\">Albania<a href=\"tel:+355682059822\"> +355 68 205 9822<\/a>\n<br>\nKosovo<a href=\"tel:+3834882087\"> +383 48 820 87<\/a><\/div>                <\/div>\n            <\/div>\n\n            <div class=\"bg-static\"><\/div>\n                    <\/div>\n\n        \t\t\t\t<\/div>\n\t\t\t\t<\/div>\n\t\t\t\t\t<\/div>\n\t\t<\/div>\n\t\t\t\t<div class=\"elementor-column elementor-col-33 elementor-top-column elementor-element elementor-element-a5e49ee\" data-id=\"a5e49ee\" data-element_type=\"column\" data-e-type=\"column\">\n\t\t\t<div class=\"elementor-widget-wrap elementor-element-populated\">\n\t\t\t\t\t\t<div class=\"elementor-element elementor-element-45a5119 align-center has-border icon-position-top icon-has-bg hover-effect-none elementor-widget elementor-widget-mae-icon-box\" data-id=\"45a5119\" data-element_type=\"widget\" data-e-type=\"widget\" data-widget_type=\"mae-icon-box.default\">\n\t\t\t\t<div class=\"elementor-widget-container\">\n\t\t\t\t\t\n        <div class=\"master-icon-box \" >\n                        \n            <div class=\"inner\">\n                <div class=\"icon-wrap\"><div class=\"master-icon\"><i aria-hidden=\"true\" class=\"ci ci-pin\"><\/i><\/div><\/div>\n                <div class=\"text-wrap\">\n                    <h2 class=\"headline-2\">Address<\/h2><div class=\"desc\"><a href=\"https:\/\/maps.app.goo.gl\/R8s65VEKzcuoeCN36\">Rruga e Elbasanit, Sauk i ri, Tiran\u00eb<\/a>\n<br>\n<a href=\"https:\/\/maps.app.goo.gl\/znNsmgtPBWcVF1G37\">Rruga Fush\u00eb Kruj\u00eb \u2013 Thuman\u00eb<\/a>\n<br>\n<a href=\"https:\/\/maps.app.goo.gl\/WKigoAtrjN5xY8j6A\">Rrruga Behije Dashi 43, Prishtin\u00eb<\/a><\/div>                <\/div>\n            <\/div>\n\n            <div class=\"bg-static\"><\/div>\n                    <\/div>\n\n        \t\t\t\t<\/div>\n\t\t\t\t<\/div>\n\t\t\t\t\t<\/div>\n\t\t<\/div>\n\t\t\t\t\t<\/div>\n\t\t<\/section>\n\t\t\t\t<section class=\"elementor-section elementor-top-section elementor-element elementor-element-1fcfabe elementor-section-boxed elementor-section-height-default elementor-section-height-default\" data-id=\"1fcfabe\" data-element_type=\"section\" data-e-type=\"section\">\n\t\t\t\t\t\t<div class=\"elementor-container elementor-column-gap-default\">\n\t\t\t\t\t<div class=\"elementor-column elementor-col-50 elementor-top-column elementor-element elementor-element-9cb78e1\" data-id=\"9cb78e1\" data-element_type=\"column\" data-e-type=\"column\">\n\t\t\t<div class=\"elementor-widget-wrap elementor-element-populated\">\n\t\t\t\t\t\t<div class=\"elementor-element elementor-element-d677728 elementor-view-default elementor-widget elementor-widget-icon\" data-id=\"d677728\" data-element_type=\"widget\" data-e-type=\"widget\" data-widget_type=\"icon.default\">\n\t\t\t\t\t\t\t<div class=\"elementor-icon-wrapper\">\n\t\t\t<div class=\"elementor-icon\">\n\t\t\t<svg xmlns=\"http:\/\/www.w3.org\/2000\/svg\" xmlns:xlink=\"http:\/\/www.w3.org\/1999\/xlink\" x=\"0px\" y=\"0px\" viewBox=\"0 0 285 285\" style=\"enable-background:new 0 0 285 285;\" xml:space=\"preserve\"><path d=\"M189.8,171.6c0,4.1-3.4,7.5-7.5,7.5c-4.1,0-7.5-3.4-7.5-7.5c0-4.1,3.4-7.5,7.5-7.5C186.4,164.1,189.8,167.4,189.8,171.6 L189.8,171.6z M189.8,171.6\"><\/path><path d=\"M202.3,165.1c2.1,3.6,6.7,4.7,10.3,2.6c19.6-11.6,42.1-17.8,65-17.8c4.1,0,7.5-3.4,7.5-7.5s-3.4-7.5-7.5-7.5 C207.2,135,150,77.8,150,7.5c0-4.1-3.4-7.5-7.5-7.5c-4.1,0-7.5,3.4-7.5,7.5C135,77.8,77.8,135,7.5,135c-4.1,0-7.5,3.4-7.5,7.5 s3.4,7.5,7.5,7.5C77.8,150,135,207.2,135,277.5c0,4.1,3.4,7.5,7.5,7.5c4.1,0,7.5-3.4,7.5-7.5c0-22.9,6.1-45.4,17.8-65 c2.1-3.6,0.9-8.2-2.6-10.3c-3.6-2.1-8.2-0.9-10.3,2.6c-5.1,8.6-9.2,17.6-12.4,26.9c-14.2-41.9-47.4-75.1-89.3-89.3 c41.9-14.2,75.1-47.4,89.3-89.3c14.2,41.9,47.4,75.1,89.3,89.3c-9.4,3.2-18.4,7.3-26.9,12.4C201.3,157,200.1,161.6,202.3,165.1 L202.3,165.1z M202.3,165.1\"><\/path><\/svg>\t\t\t<\/div>\n\t\t<\/div>\n\t\t\t\t\t\t<\/div>\n\t\t\t\t<div class=\"elementor-element elementor-element-72f9503 heading-default elementor-widget elementor-widget-mae-headings\" data-id=\"72f9503\" data-element_type=\"widget\" data-e-type=\"widget\" data-widget_type=\"mae-headings.default\">\n\t\t\t\t<div class=\"elementor-widget-container\">\n\t\t\t\t\t\t\t<div class=\"master-heading sep-none\">\n\t\t\t\t        \t        \t<div class=\"pre-heading\"><span class=\"line\"><span class=\"inner\"><\/span><\/span>Contact Us<\/div>\n\t        \n\t        \n\t        \t        <h2 class=\"main-heading\">Send an email!<\/h2>\n\t        \n\t        \n\t        \t    <\/div>\n\t    \t\t\t\t<\/div>\n\t\t\t\t<\/div>\n\t\t\t\t<div class=\"elementor-element elementor-element-5cbd2e7 elementor-widget elementor-widget-text-editor\" data-id=\"5cbd2e7\" data-element_type=\"widget\" data-e-type=\"widget\" data-widget_type=\"text-editor.default\">\n\t\t\t\t\t\t\t\t\t<p>Laundry is one of the key success points in every business! Make the right choice, choose the professionals!<\/p><p>For more information about our products and services, contact us:<\/p>\t\t\t\t\t\t\t\t<\/div>\n\t\t\t\t<div class=\"elementor-element elementor-element-7ecbb60 icon-has-bg align-left elementor-widget elementor-widget-mae-social-icons\" data-id=\"7ecbb60\" data-element_type=\"widget\" data-e-type=\"widget\" data-widget_type=\"mae-social-icons.default\">\n\t\t\t\t<div class=\"elementor-widget-container\">\n\t\t\t\t\t\n\t\t<div class=\"master-social-icons\">\n                            <a href=\"https:\/\/www.facebook.com\/651175461650410?ref=embed_page\" aria-label=\"icon\">\n                    <i aria-hidden=\"true\" class=\"ci ci-facebook-f\"><\/i>                <\/a>\n\t\t\t                <a href=\"https:\/\/www.instagram.com\/bora_laundry\/\" aria-label=\"icon\">\n                    <i aria-hidden=\"true\" class=\"ci-instagram\"><\/i>                <\/a>\n\t\t\t\t    <\/div>\n\n\t    \t\t\t\t<\/div>\n\t\t\t\t<\/div>\n\t\t\t\t\t<\/div>\n\t\t<\/div>\n\t\t\t\t<div class=\"elementor-column elementor-col-50 elementor-top-column elementor-element elementor-element-bc80ba7\" data-id=\"bc80ba7\" data-element_type=\"column\" data-e-type=\"column\">\n\t\t\t<div class=\"elementor-widget-wrap elementor-element-populated\">\n\t\t\t\t\t\t<div class=\"elementor-element elementor-element-b2e629b align-left cf7-style-1 elementor-widget elementor-widget-mae-contact-form-7\" data-id=\"b2e629b\" data-element_type=\"widget\" data-e-type=\"widget\" data-widget_type=\"mae-contact-form-7.default\">\n\t\t\t\t<div class=\"elementor-widget-container\">\n\t\t\t\t\t<div class=\"elementor-shortcode qondri-cf7-0\">\n<div class=\"wpcf7 no-js\" id=\"wpcf7-f1014-o1\" lang=\"en-US\" dir=\"ltr\" data-wpcf7-id=\"1014\">\n<div class=\"screen-reader-response\"><p role=\"status\" aria-live=\"polite\" aria-atomic=\"true\"><\/p> <ul><\/ul><\/div>\n<form action=\"\/en\/wp-json\/wp\/v2\/pages\/11865#wpcf7-f1014-o1\" method=\"post\" class=\"wpcf7-form init\" aria-label=\"Contact form\" novalidate=\"novalidate\" data-status=\"init\">\n<fieldset class=\"hidden-fields-container\"><input type=\"hidden\" name=\"_wpcf7\" value=\"1014\" \/><input type=\"hidden\" name=\"_wpcf7_version\" value=\"6.1.5\" \/><input type=\"hidden\" name=\"_wpcf7_locale\" value=\"en_US\" \/><input type=\"hidden\" name=\"_wpcf7_unit_tag\" value=\"wpcf7-f1014-o1\" \/><input type=\"hidden\" name=\"_wpcf7_container_post\" value=\"0\" \/><input type=\"hidden\" name=\"_wpcf7_posted_data_hash\" value=\"\" \/>\n<\/fieldset>\n<span class=\"input-wrap\">\n    <span class=\"wpcf7-form-control-wrap\" style=\"padding-right: 10px;\"><span class=\"wpcf7-form-control-wrap\" data-name=\"your-name\"><input size=\"40\" maxlength=\"400\" class=\"wpcf7-form-control wpcf7-text wpcf7-validates-as-required\" aria-required=\"true\" aria-invalid=\"false\" placeholder=\"Your Name\" value=\"\" type=\"text\" name=\"your-name\" \/><\/span><\/span>\n    <span class=\"wpcf7-form-control-wrap\"><span class=\"wpcf7-form-control-wrap\" data-name=\"your-email\"><input size=\"40\" maxlength=\"400\" class=\"wpcf7-form-control wpcf7-email wpcf7-validates-as-required wpcf7-text wpcf7-validates-as-email\" aria-required=\"true\" aria-invalid=\"false\" placeholder=\"Email Address\" value=\"\" type=\"email\" name=\"your-email\" \/><\/span><\/span>\n<\/span>\n<span class=\"input-wrap\">\n    <span class=\"wpcf7-form-control-wrap\" style=\"padding-right: 10px;\"><span class=\"wpcf7-form-control-wrap\" data-name=\"tel-699\"><input size=\"40\" maxlength=\"400\" class=\"wpcf7-form-control wpcf7-tel wpcf7-validates-as-required wpcf7-text wpcf7-validates-as-tel\" aria-required=\"true\" aria-invalid=\"false\" placeholder=\"Phone Number\" value=\"\" type=\"tel\" name=\"tel-699\" \/><\/span><\/span>\n    <span class=\"wpcf7-form-control-wrap\"><span class=\"wpcf7-form-control-wrap\" data-name=\"your-subject\"><input size=\"40\" maxlength=\"400\" class=\"wpcf7-form-control wpcf7-text wpcf7-validates-as-required\" aria-required=\"true\" aria-invalid=\"false\" placeholder=\"Subject\" value=\"\" type=\"text\" name=\"your-subject\" \/><\/span><\/span>\n<\/span>\n\n<span class=\"wpcf7-form-control-wrap\"><span class=\"wpcf7-form-control-wrap\" data-name=\"your-message\"><textarea cols=\"40\" rows=\"10\" maxlength=\"2000\" class=\"wpcf7-form-control wpcf7-textarea\" aria-invalid=\"false\" placeholder=\"Write a Message\" name=\"your-message\"><\/textarea><\/span><\/span>\n\n<button class=\"master-button btn-accent icon-right medium\" type=\"submit\">\n    <span class=\"inner\">\n        <span class=\"content-base\">\n            <span class=\"text\">Send a Message<\/span>\n            <span class=\"icon ci ci-right-arrow\"><\/span>\n        <\/span>\n    <\/span>\n    <span class=\"bg-hover\" style=\"left: 143.68px; top: 34.1016px;\"><\/span>\n<\/button><div class=\"wpcf7-response-output\" aria-hidden=\"true\"><\/div>\n<\/form>\n<\/div>\n<\/div>\t\t\t\t<\/div>\n\t\t\t\t<\/div>\n\t\t\t\t\t<\/div>\n\t\t<\/div>\n\t\t\t\t\t<\/div>\n\t\t<\/section>\n\t\t\t\t<section class=\"elementor-section elementor-top-section elementor-element elementor-element-1fa6eae elementor-section-stretched elementor-section-boxed elementor-section-height-default elementor-section-height-default\" data-id=\"1fa6eae\" data-element_type=\"section\" data-e-type=\"section\" data-settings=\"{&quot;stretch_section&quot;:&quot;section-stretched&quot;}\">\n\t\t\t\t\t\t<div class=\"elementor-container elementor-column-gap-default\">\n\t\t\t\t\t<div class=\"elementor-column elementor-col-33 elementor-top-column elementor-element elementor-element-4d6672e\" data-id=\"4d6672e\" data-element_type=\"column\" data-e-type=\"column\">\n\t\t\t<div class=\"elementor-widget-wrap elementor-element-populated\">\n\t\t\t\t\t\t<div class=\"elementor-element elementor-element-2a2e41c elementor-widget elementor-widget-text-editor\" data-id=\"2a2e41c\" data-element_type=\"widget\" data-e-type=\"widget\" data-widget_type=\"text-editor.default\">\n\t\t\t\t\t\t\t\t\t<iframe src=\"https:\/\/www.google.com\/maps\/embed?pb=!1m14!1m8!1m3!1d47960.705325681476!2d19.851823!3d41.297026!3m2!1i1024!2i768!4f13.1!3m3!1m2!1s0x135030cb799a65db%3A0x6669bbbce9c52342!2sBora%20Laundry1!5e0!3m2!1sen!2sus!4v1753716808140!5m2!1sen!2sus\" width=\"600\" height=\"450\" style=\"border:0;\" allowfullscreen=\"\" loading=\"lazy\" referrerpolicy=\"no-referrer-when-downgrade\"><\/iframe>\t\t\t\t\t\t\t\t<\/div>\n\t\t\t\t\t<\/div>\n\t\t<\/div>\n\t\t\t\t<div class=\"elementor-column elementor-col-33 elementor-top-column elementor-element elementor-element-840c6a9\" data-id=\"840c6a9\" data-element_type=\"column\" data-e-type=\"column\">\n\t\t\t<div class=\"elementor-widget-wrap elementor-element-populated\">\n\t\t\t\t\t\t<div class=\"elementor-element elementor-element-81b33fb elementor-widget elementor-widget-text-editor\" data-id=\"81b33fb\" data-element_type=\"widget\" data-e-type=\"widget\" data-widget_type=\"text-editor.default\">\n\t\t\t\t\t\t\t\t\t<iframe src=\"https:\/\/www.google.com\/maps\/embed?pb=!1m14!1m8!1m3!1d5974.820994608628!2d19.688573!3d41.517048!3m2!1i1024!2i768!4f13.1!3m3!1m2!1s0x1351d3c1cd7d1d41%3A0x2bdd9d9b273b0cc2!2sBora%20Laundry%20%26%20Dry%20Cleaning%20Services!5e0!3m2!1sen!2sus!4v1753716766129!5m2!1sen!2sus\" width=\"600\" height=\"450\" style=\"border:0;\" allowfullscreen=\"\" loading=\"lazy\" referrerpolicy=\"no-referrer-when-downgrade\"><\/iframe>\t\t\t\t\t\t\t\t<\/div>\n\t\t\t\t\t<\/div>\n\t\t<\/div>\n\t\t\t\t<div class=\"elementor-column elementor-col-33 elementor-top-column elementor-element elementor-element-84a5dae\" data-id=\"84a5dae\" data-element_type=\"column\" data-e-type=\"column\">\n\t\t\t<div class=\"elementor-widget-wrap elementor-element-populated\">\n\t\t\t\t\t\t<div class=\"elementor-element elementor-element-d39b1a5 elementor-widget elementor-widget-text-editor\" data-id=\"d39b1a5\" data-element_type=\"widget\" data-e-type=\"widget\" data-widget_type=\"text-editor.default\">\n\t\t\t\t\t\t\t\t\t<iframe src=\"https:\/\/www.google.com\/maps\/embed?pb=!1m18!1m12!1m3!1d2934.183748651647!2d21.1662401!3d42.657461399999995!2m3!1f0!2f0!3f0!3m2!1i1024!2i768!4f13.1!3m3!1m2!1s0x13549f0012a76fc3%3A0x7b2141fffc1be32f!2sBora%20Laundry%20Prishtin%C3%AB%20Kosov%C3%AB!5e0!3m2!1sen!2s!4v1775565820888!5m2!1sen!2s\" width=\"600\" height=\"450\" style=\"border:0;\" allowfullscreen=\"\" loading=\"lazy\" referrerpolicy=\"no-referrer-when-downgrade\"><\/iframe>\t\t\t\t\t\t\t\t<\/div>\n\t\t\t\t\t<\/div>\n\t\t<\/div>\n\t\t\t\t\t<\/div>\n\t\t<\/section>\n\t\t\t\t<\/div>\n\t\t","protected":false},"excerpt":{"rendered":"<p>Email info@boralaundry.al lavanderibora@yahoo.com Phone Albania +355 68 205 9822 Kosovo +383 48 820 87 Address Rruga e Elbasanit, Sauk i ri, Tiran\u00eb Rruga Fush\u00eb Kruj\u00eb \u2013 Thuman\u00eb Rrruga Behije Dashi 43, Prishtin\u00eb Contact Us Send an email! Laundry is one of the key success points in every business! Make the<\/p>\n","protected":false},"author":1,"featured_media":0,"parent":0,"menu_order":0,"comment_status":"closed","ping_status":"closed","template":"","meta":{"inline_featured_image":false,"footnotes":""},"class_list":["post-11865","page","type-page","status-publish","hentry"],"yoast_head":"<!-- This site is optimized with the Yoast SEO plugin v27.5 - https:\/\/yoast.com\/product\/yoast-seo-wordpress\/ -->\n<title>Contact - Bora Laundry<\/title>\n<meta name=\"robots\" content=\"index, follow, max-snippet:-1, max-image-preview:large, max-video-preview:-1\" \/>\n<link rel=\"canonical\" href=\"https:\/\/boralaundry.al\/kontakt\/\" \/>\n<meta property=\"og:locale\" content=\"en_US\" \/>\n<meta property=\"og:type\" content=\"article\" \/>\n<meta property=\"og:title\" content=\"Contact - Bora Laundry\" \/>\n<meta property=\"og:description\" content=\"Email info@boralaundry.al lavanderibora@yahoo.com Phone Albania +355 68 205 9822 Kosovo +383 48 820 87 Address Rruga e Elbasanit, Sauk i ri, Tiran\u00eb Rruga Fush\u00eb Kruj\u00eb \u2013 Thuman\u00eb Rrruga Behije Dashi 43, Prishtin\u00eb Contact Us Send an email! Laundry is one of the key success points in every business! Make the\" \/>\n<meta property=\"og:url\" content=\"https:\/\/boralaundry.al\/kontakt\/\" \/>\n<meta property=\"og:site_name\" content=\"Bora Laundry\" \/>\n<meta property=\"article:modified_time\" content=\"2026-04-07T12:47:56+00:00\" \/>\n<meta name=\"twitter:card\" content=\"summary_large_image\" \/>\n<meta name=\"twitter:label1\" content=\"Est. reading time\" \/>\n\t<meta name=\"twitter:data1\" content=\"1 minute\" \/>\n<script type=\"application\/ld+json\" class=\"yoast-schema-graph\">{\"@context\":\"https:\\\/\\\/schema.org\",\"@graph\":[{\"@type\":\"WebPage\",\"@id\":\"https:\\\/\\\/boralaundry.al\\\/kontakt\\\/\",\"url\":\"https:\\\/\\\/boralaundry.al\\\/kontakt\\\/\",\"name\":\"Contact - Bora Laundry\",\"isPartOf\":{\"@id\":\"https:\\\/\\\/boralaundry.al\\\/#website\"},\"datePublished\":\"2022-01-16T09:04:45+00:00\",\"dateModified\":\"2026-04-07T12:47:56+00:00\",\"breadcrumb\":{\"@id\":\"https:\\\/\\\/boralaundry.al\\\/kontakt\\\/#breadcrumb\"},\"inLanguage\":\"en-US\",\"potentialAction\":[{\"@type\":\"ReadAction\",\"target\":[\"https:\\\/\\\/boralaundry.al\\\/kontakt\\\/\"]}]},{\"@type\":\"BreadcrumbList\",\"@id\":\"https:\\\/\\\/boralaundry.al\\\/kontakt\\\/#breadcrumb\",\"itemListElement\":[{\"@type\":\"ListItem\",\"position\":1,\"name\":\"Home\",\"item\":\"https:\\\/\\\/boralaundry.al\\\/\"},{\"@type\":\"ListItem\",\"position\":2,\"name\":\"Contact\"}]},{\"@type\":\"WebSite\",\"@id\":\"https:\\\/\\\/boralaundry.al\\\/#website\",\"url\":\"https:\\\/\\\/boralaundry.al\\\/\",\"name\":\"Bora Laundry\",\"description\":\"Paisje dhe Produkte per Lavanderi Tirane\",\"potentialAction\":[{\"@type\":\"SearchAction\",\"target\":{\"@type\":\"EntryPoint\",\"urlTemplate\":\"https:\\\/\\\/boralaundry.al\\\/?s={search_term_string}\"},\"query-input\":{\"@type\":\"PropertyValueSpecification\",\"valueRequired\":true,\"valueName\":\"search_term_string\"}}],\"inLanguage\":\"en-US\"}]}<\/script>\n<!-- \/ Yoast SEO plugin. -->","yoast_head_json":{"title":"Contact - Bora Laundry","robots":{"index":"index","follow":"follow","max-snippet":"max-snippet:-1","max-image-preview":"max-image-preview:large","max-video-preview":"max-video-preview:-1"},"canonical":"https:\/\/boralaundry.al\/kontakt\/","og_locale":"en_US","og_type":"article","og_title":"Contact - Bora Laundry","og_description":"Email info@boralaundry.al lavanderibora@yahoo.com Phone Albania +355 68 205 9822 Kosovo +383 48 820 87 Address Rruga e Elbasanit, Sauk i ri, Tiran\u00eb Rruga Fush\u00eb Kruj\u00eb \u2013 Thuman\u00eb Rrruga Behije Dashi 43, Prishtin\u00eb Contact Us Send an email! Laundry is one of the key success points in every business! Make the","og_url":"https:\/\/boralaundry.al\/kontakt\/","og_site_name":"Bora Laundry","article_modified_time":"2026-04-07T12:47:56+00:00","twitter_card":"summary_large_image","twitter_misc":{"Est. reading time":"1 minute"},"schema":{"@context":"https:\/\/schema.org","@graph":[{"@type":"WebPage","@id":"https:\/\/boralaundry.al\/kontakt\/","url":"https:\/\/boralaundry.al\/kontakt\/","name":"Contact - Bora Laundry","isPartOf":{"@id":"https:\/\/boralaundry.al\/#website"},"datePublished":"2022-01-16T09:04:45+00:00","dateModified":"2026-04-07T12:47:56+00:00","breadcrumb":{"@id":"https:\/\/boralaundry.al\/kontakt\/#breadcrumb"},"inLanguage":"en-US","potentialAction":[{"@type":"ReadAction","target":["https:\/\/boralaundry.al\/kontakt\/"]}]},{"@type":"BreadcrumbList","@id":"https:\/\/boralaundry.al\/kontakt\/#breadcrumb","itemListElement":[{"@type":"ListItem","position":1,"name":"Home","item":"https:\/\/boralaundry.al\/"},{"@type":"ListItem","position":2,"name":"Contact"}]},{"@type":"WebSite","@id":"https:\/\/boralaundry.al\/#website","url":"https:\/\/boralaundry.al\/","name":"Bora Laundry","description":"Paisje dhe Produkte per Lavanderi Tirane","potentialAction":[{"@type":"SearchAction","target":{"@type":"EntryPoint","urlTemplate":"https:\/\/boralaundry.al\/?s={search_term_string}"},"query-input":{"@type":"PropertyValueSpecification","valueRequired":true,"valueName":"search_term_string"}}],"inLanguage":"en-US"}]}},"_links":{"self":[{"href":"https:\/\/boralaundry.al\/en\/wp-json\/wp\/v2\/pages\/11865","targetHints":{"allow":["GET"]}}],"collection":[{"href":"https:\/\/boralaundry.al\/en\/wp-json\/wp\/v2\/pages"}],"about":[{"href":"https:\/\/boralaundry.al\/en\/wp-json\/wp\/v2\/types\/page"}],"author":[{"embeddable":true,"href":"https:\/\/boralaundry.al\/en\/wp-json\/wp\/v2\/users\/1"}],"replies":[{"embeddable":true,"href":"https:\/\/boralaundry.al\/en\/wp-json\/wp\/v2\/comments?post=11865"}],"version-history":[{"count":16,"href":"https:\/\/boralaundry.al\/en\/wp-json\/wp\/v2\/pages\/11865\/revisions"}],"predecessor-version":[{"id":12511,"href":"https:\/\/boralaundry.al\/en\/wp-json\/wp\/v2\/pages\/11865\/revisions\/12511"}],"wp:attachment":[{"href":"https:\/\/boralaundry.al\/en\/wp-json\/wp\/v2\/media?parent=11865"}],"curies":[{"name":"wp","href":"https:\/\/api.w.org\/{rel}","templated":true}]}}